
{"id":6,"date":"2010-08-03T08:26:32","date_gmt":"2010-08-03T08:26:32","guid":{"rendered":"http:\/\/kristofferbs.se\/?page_id=6"},"modified":"2017-08-23T13:23:21","modified_gmt":"2017-08-23T12:23:21","slug":"om-kristoffersskolans-byggnadsstiftelse","status":"publish","type":"page","link":"https:\/\/kristofferbs.se\/?page_id=6","title":{"rendered":"OM OSS"},"content":{"rendered":"<p>Kristofferskolans byggnadsstiftelse, (BS), \u00e4ger och f\u00f6rvaltar ett flertal hus p\u00e5 fastigheten Fredrikslund 5 i Bromma, Stockholm. V\u00e5ra hyresg\u00e4ster \u00e4r i huvudsak verksamma inom utbildningsomr\u00e5det med Waldorfpedagogisk inriktning. Stiftelsen styrs av en styrelse tillsatt i f\u00f6rsta hand av hyresg\u00e4sterna. Byggnaderna \u00e4r ritade av Erik Asmussen eller efter hans id\u00e9 och anda, och har delvis f\u00e5tt status av Stockholms Kommun som att vara s\u00e4rskilt skyddsv\u00e4rda.<\/p>\n<p>Den totala brukbara ytan f\u00f6r BS tretton byggnader \u00e4r 13 125 kvm samt 27 458 kvm tomtareal.<\/p>\n<p>BS har som uppdrag att p\u00e5 ett kostnadseffektivt s\u00e4tt f\u00f6rvalta byggnader och mark f\u00f6r att erbjuda hyresg\u00e4ster en milj\u00f6 som befr\u00e4mjar deras pedagogiska m\u00e5l och v\u00e4lbefinnande.<\/p>\n<p>Vi tar varje \u00e5r emot bes\u00f6kare som vill uppleva denna speciella skolmilj\u00f6. Av s\u00e4kerhetssk\u00e4l och praktiska orsaker ska \u00f6nskem\u00e5l om att bes\u00f6ka omr\u00e5det bokas i god tid f\u00f6r att kunna planera in detta utan att st\u00f6ra skolverksamheten. Kontakta d\u00e4rf\u00f6r g\u00e4rna Fastighetschef <a href=\"mailto:aurora.lindfelt@kristofferbs.se\">Aurora Lindfelt<\/a> f\u00f6r mer information.<\/p>\n<p><strong>Byggnadsstiftelsens hyresg\u00e4ster:<\/strong><br \/>\n<a href=\"http:\/\/www.kristofferskolan.se\/\" target=\"_blank\">Kristofferskolan<\/a><br \/>\n<a href=\"http:\/\/www.wlh.se\/\" target=\"_blank\">Waldorfl\u00e4rarh\u00f6gskolan<\/a><br \/>\nSolg\u00e5rden (F\u00f6rskola)<br \/>\n<a title=\"FriendsOfAdam\" href=\"http:\/www.friendsofadam.se\" target=\"_blank\">FriendsOfAdam<\/a><\/p>\n<p>Byggnadsstiftelsen bedriver fastighetsdrift och sk\u00f6tsel i egen regi och med egen personal.<\/p>\n<p><strong>Styrelse:<\/strong><br \/>\nPeter S\u00f6derholm, ordf\u00f6rande<br \/>\nKlara Henning, ledamot<br \/>\nAurora Lindfelt, ledamot<br \/>\nMarcus S\u00f6derholm, ledamot<\/p>\n<p><strong>Ledning:<br \/>\n<\/strong>Aurora Lindfelt, fastighetschef<\/p>\n","protected":false},"excerpt":{"rendered":"<p>Kristofferskolans byggnadsstiftelse, (BS), \u00e4ger och f\u00f6rvaltar ett flertal hus p\u00e5 fastigheten Fredrikslund 5 i Bromma, Stockholm. V\u00e5ra hyresg\u00e4ster \u00e4r i huvudsak verksamma inom utbildningsomr\u00e5det med Waldorfpedagogisk inriktning. Stiftelsen styrs av en styrelse tillsatt i f\u00f6rsta hand av hyresg\u00e4sterna. Byggnaderna \u00e4r ritade av Erik Asmussen eller efter hans id\u00e9 och anda, och har delvis f\u00e5tt status [&hellip;]<\/p>\n","protected":false},"author":1,"featured_media":0,"parent":0,"menu_order":0,"comment_status":"closed","ping_status":"open","template":"","meta":{"footnotes":""},"class_list":["post-6","page","type-page","status-publish","hentry"],"_links":{"self":[{"href":"https:\/\/kristofferbs.se\/index.php?rest_route=\/wp\/v2\/pages\/6","targetHints":{"allow":["GET"]}}],"collection":[{"href":"https:\/\/kristofferbs.se\/index.php?rest_route=\/wp\/v2\/pages"}],"about":[{"href":"https:\/\/kristofferbs.se\/index.php?rest_route=\/wp\/v2\/types\/page"}],"author":[{"embeddable":true,"href":"https:\/\/kristofferbs.se\/index.php?rest_route=\/wp\/v2\/users\/1"}],"replies":[{"embeddable":true,"href":"https:\/\/kristofferbs.se\/index.php?rest_route=%2Fwp%2Fv2%2Fcomments&post=6"}],"version-history":[{"count":9,"href":"https:\/\/kristofferbs.se\/index.php?rest_route=\/wp\/v2\/pages\/6\/revisions"}],"predecessor-version":[{"id":8,"href":"https:\/\/kristofferbs.se\/index.php?rest_route=\/wp\/v2\/pages\/6\/revisions\/8"}],"wp:attachment":[{"href":"https:\/\/kristofferbs.se\/index.php?rest_route=%2Fwp%2Fv2%2Fmedia&parent=6"}],"curies":[{"name":"wp","href":"https:\/\/api.w.org\/{rel}","templated":true}]}}